{"id":8420,"date":"2024-08-26T11:42:21","date_gmt":"2024-08-26T09:42:21","guid":{"rendered":"https:\/\/www.firstfloorstudios.de\/firstfloorstudiosWP\/verwaltungWP\/?page_id=8420"},"modified":"2026-02-24T00:25:53","modified_gmt":"2026-02-23T23:25:53","slug":"impressum-datenschutz","status":"publish","type":"page","link":"https:\/\/www.firstfloorstudios.de\/firstfloorstudiosWP\/verwaltungWP\/impressum-datenschutz\/","title":{"rendered":"Impressum | Datenschutz \u2013 used"},"content":{"rendered":"<div  class=\"tatsu-rJ4FZKHpC tatsu-section    tatsu-clearfix\" data-title=\"\"  data-headerscheme=\"background--dark\"><div class='tatsu-section-pad clearfix' data-padding='{\"d\":\"90px 0px 90px 0px\"}' data-padding-top='90px'><div class=\"tatsu-row-wrap  tatsu-wrap tatsu-row-one-col tatsu-row-has-one-cols tatsu-medium-gutter tatsu-reg-cols  tatsu-clearfix tatsu-rJl4KZYH6A\" ><div  class=\"tatsu-row \" ><div  class=\"tatsu-column  tatsu-column-no-bg tatsu-one-col tatsu-column-image-none tatsu-column-effect-none  tatsu-Hy-4tbFrT0\"  data-parallax-speed=\"0\" style=\"\"><div class=\"tatsu-column-inner \" ><div class=\"tatsu-column-pad-wrap\"><div class=\"tatsu-column-pad\" ><div  class=\"tatsu-module tatsu-inline-text clearfix tatsu-rkcjsjraC   \" ><style>.tatsu-rkcjsjraC .tatsu-inline-text-inner{width: 100%;text-align: left;}.tatsu-rkcjsjraC.tatsu-inline-text .tatsu-inline-text-inner *{font-family : Trebuchet MS, Helvetica, sans-serif;font-weight : 400;text-transform : none;}@media only screen and (max-width: 767px) {.tatsu-rkcjsjraC .tatsu-inline-text-inner{width: 100%;}}<\/style><div class=\"tatsu-inline-text-inner tatsu-align-center\">\n<h4 style=\"font-size: 12px; background-color: #fafafa; line-height: 12px !important;\">1. IMPRESSUM<\/h4>\n<h4 style=\"font-size: 12px; background-color: #fafafa; line-height: 12px !important;\">&nbsp;<\/h4>\n<h4 style=\"font-size: 12px; background-color: #fafafa; line-height: 12px !important;\">First Floor studios<\/h4>\n<h4 style=\"font-size: 12px; background-color: #fafafa; line-height: 12px !important;\">Melanie Pf&ouml;rdtner<\/h4>\n<h4 style=\"font-size: 12px; background-color: #fafafa; line-height: 12px !important;\">Spitalstra&szlig;e 10<\/h4>\n<h4 style=\"font-size: 12px; background-color: #fafafa; line-height: 12px !important;\">D &#8211; 73430 Aalen<\/h4>\n<h4 style=\"font-size: 12px; background-color: #fafafa; line-height: 12px !important;\">fon&nbsp; &nbsp;0171 620 6918&nbsp;<\/h4>\n<h4 style=\"font-size: 12px; background-color: #fafafa; line-height: 12px !important;\">mail&nbsp; &nbsp;info@firstfloorstudios.de<\/h4>\n<h4 style=\"margin-bottom: 15px; font-size: 12px; background-color: #fafafa; line-height: 12px !important;\">ust-idnr&nbsp; &nbsp;DE 246060249<\/h4>\n<\/div><\/div><div  class=\"tatsu-module tatsu-inline-text clearfix tatsu-H1r6jjH60   \" ><style>.tatsu-H1r6jjH60 .tatsu-inline-text-inner{width: 100%;text-align: left;}.tatsu-H1r6jjH60.tatsu-inline-text .tatsu-inline-text-inner *{font-family : Trebuchet MS, Helvetica, sans-serif;text-transform : none;line-height : 26px;}@media only screen and (max-width: 767px) {.tatsu-H1r6jjH60 .tatsu-inline-text-inner{width: 100%;}}<\/style><div class=\"tatsu-inline-text-inner tatsu-align-center\">\n<h4 style=\"font-size: 12px; background-color: #fafafa; line-height: 12px !important;\"><span style=\"font-size: 12px;\"><br \/>2. DATENSCHUTZ<\/p>\n<p><\/span><span style=\"font-size: 12px;\">Dass Ihre Daten beim Besuch unserer Seiten in bestm\u00f6glicher Weise gesch\u00fctzt werden, ist uns ein gro\u00dfes Anliegen. Wir versuchen, die st\u00e4ndig neuen Herausforderungen auf diesem Gebiet zu meistern.<br \/><\/span><span style=\"font-size: 12px;\"><br \/>Unsere detaillierte Datenschutzerkl\u00e4rung finden Sie aufgrund der notwendigen L\u00e4nge unter folgendem Link als PDF zur Ansicht:<\/span><\/h4>\n<\/div><\/div><div  class=\"tatsu-module tatsu-normal-button tatsu-button-wrap align-block block-center  tatsu-BkQEKWtH6A   \"><a class=\"tatsu-shortcode smallbtn tatsu-button left-icon circular   bg-animation-none  \" href=\"https:\/\/www.firstfloorstudios.de\/firstfloorstudiosWP\/verwaltungWP\/Datenschutzerklaerung_FFS_Aalen.pdf\" style= \"\"  aria-label=\"FFS AALEN Datenschutzerkl\u00e4rung\" data-gdpr-atts={} target=\"_blank\"><i class=\"tatsu-icon icon-arrow_carrot_up_alt\"><\/i>FFS AALEN Datenschutzerkl\u00e4rung<\/a><style>.tatsu-BkQEKWtH6A .tatsu-button{background-color: rgba(74,144,226,1);color: #ffffff ;border-width: 1px;border-color: rgba(255,254,254,1); }<\/style><\/div><\/div><\/div><div class = \"tatsu-column-bg-image-wrap\"><div class = \"tatsu-column-bg-image\" ><\/div><\/div><\/div><style>.tatsu-row > .tatsu-Hy-4tbFrT0.tatsu-column{width: 100%;}.tatsu-Hy-4tbFrT0.tatsu-column > .tatsu-column-inner > .tatsu-column-overlay{mix-blend-mode: none;}.tatsu-Hy-4tbFrT0 > .tatsu-column-inner > .tatsu-top-divider{z-index: 9999;}.tatsu-Hy-4tbFrT0 > .tatsu-column-inner > .tatsu-bottom-divider{z-index: 9999;}.tatsu-Hy-4tbFrT0 > .tatsu-column-inner > .tatsu-left-divider{z-index: 9999;}.tatsu-Hy-4tbFrT0 > .tatsu-column-inner > .tatsu-right-divider{z-index: 9999;}<\/style><\/div><\/div><\/div><\/div><div class=\"tatsu-section-background-wrap\"><div class = \"tatsu-section-background\" ><\/div><\/div><style>.tatsu-rJ4FZKHpC .tatsu-section-pad{padding: 90px 0px 90px 0px;}.tatsu-rJ4FZKHpC > .tatsu-bottom-divider{z-index: 9999;}.tatsu-rJ4FZKHpC > .tatsu-top-divider{z-index: 9999;}<\/style><\/div><div  class=\"tatsu-HJIpQtr6A tatsu-section    tatsu-clearfix\" data-title=\"\"  data-headerscheme=\"background--dark\"><div class='tatsu-section-pad clearfix' data-padding='{\"d\":\"90px 0px 90px 0px\"}' data-padding-top='90px'><div class=\"tatsu-row-wrap  tatsu-wrap tatsu-row-one-col tatsu-row-has-one-cols tatsu-medium-gutter tatsu-reg-cols  tatsu-clearfix tatsu-H1xITXKBpR\" ><div  class=\"tatsu-row \" ><div  class=\"tatsu-column  tatsu-column-no-bg tatsu-one-col tatsu-column-image-none tatsu-column-effect-none  tatsu-r1-I6Qtr6C\"  data-parallax-speed=\"0\" style=\"\"><div class=\"tatsu-column-inner \" ><div class=\"tatsu-column-pad-wrap\"><div class=\"tatsu-column-pad\" ><div  class=\"tatsu-module tatsu-inline-text clearfix tatsu-rkpOy6060   \" ><style>.tatsu-rkpOy6060 .tatsu-inline-text-inner{width: 100%;text-align: left;}.tatsu-rkpOy6060.tatsu-inline-text .tatsu-inline-text-inner *{font-family : Trebuchet MS, Helvetica, sans-serif;text-transform : none;line-height : 26px;}@media only screen and (max-width: 767px) {.tatsu-rkpOy6060 .tatsu-inline-text-inner{width: 100%;}}<\/style><div class=\"tatsu-inline-text-inner tatsu-align-center\">\n<h4 style=\"font-size: 12px; background-color: #fafafa; line-height: 12px !important;\"><span style=\"font-size: 12px;\">3. HAFTUNG F\u00dcR INHALTE<br \/><\/span><span style=\"font-size: 12px;\"><br \/><span style=\"font-size: 12px;\">Die Inhalte unserer Seiten wurden mit gr\u00f6\u00dfter Sorgfalt erstellt. F\u00fcr die Richtigkeit, Vollst\u00e4ndigkeit und Aktualit\u00e4t der Inhalte k\u00f6nnen wir jedoch keine Gew\u00e4hr \u00fcbernehmen.Als Diensteanbieter sind wir gem\u00e4\u00df \u00a7 6 Abs.1 MDStV und \u00a7 8 Abs.1 TDG f\u00fcr eigene Inhalte auf diesen Seiten nach den allgemeinen Gesetzen verantwortlich. Diensteanbieter sind jedoch nicht verpflichtet, die von ihnen \u00fcbermittelten oder gespeicherten fremden Informationen zu \u00fcberwachen oder nach Umst\u00e4nden zu forschen, die auf eine rechtswidrige T\u00e4tigkeit hinweisen. <br \/>Verpflichtungen zur Entfernung oder Sperrung der Nutzung von Informationen nach den allgemeinen Gesetzen bleiben hiervon unber\u00fchrt. Eine diesbez\u00fcgliche Haftung ist jedoch erst ab dem Zeitpunkt der Kenntnis einer konkreten Rechtsverletzung m\u00f6glich. Bei bekannt werden von entsprechenden Rechtsverletzungen werden wir diese Inhalte umgehend entfernen.\u00a0<\/span><\/span><\/h4>\n<\/div><\/div><div  class=\"tatsu-module tatsu-normal-button tatsu-button-wrap align-block block-center  tatsu-ByQ8TmtrTA   \"><a class=\"tatsu-shortcode smallbtn tatsu-button left-icon circular   bg-animation-none  \" href=\"#\" style= \"\"  aria-label=\"Learn More\" data-gdpr-atts={} >Learn More<\/a><style>.tatsu-ByQ8TmtrTA .tatsu-button{color: #ffffff ;border-width: 1px;border-color: rgba(255,254,254,1); }<\/style><\/div><\/div><\/div><div class = \"tatsu-column-bg-image-wrap\"><div class = \"tatsu-column-bg-image\" ><\/div><\/div><\/div><style>.tatsu-row > .tatsu-r1-I6Qtr6C.tatsu-column{width: 100%;}.tatsu-r1-I6Qtr6C.tatsu-column > .tatsu-column-inner > .tatsu-column-overlay{mix-blend-mode: none;}.tatsu-r1-I6Qtr6C > .tatsu-column-inner > .tatsu-top-divider{z-index: 9999;}.tatsu-r1-I6Qtr6C > .tatsu-column-inner > .tatsu-bottom-divider{z-index: 9999;}.tatsu-r1-I6Qtr6C > .tatsu-column-inner > .tatsu-left-divider{z-index: 9999;}.tatsu-r1-I6Qtr6C > .tatsu-column-inner > .tatsu-right-divider{z-index: 9999;}<\/style><\/div><\/div><\/div><\/div><div class=\"tatsu-section-background-wrap\"><div class = \"tatsu-section-background\" ><\/div><\/div><style>.tatsu-HJIpQtr6A .tatsu-section-pad{padding: 90px 0px 90px 0px;}.tatsu-HJIpQtr6A > .tatsu-bottom-divider{z-index: 9999;}.tatsu-HJIpQtr6A > .tatsu-top-divider{z-index: 9999;}<\/style><\/div>\n","protected":false},"excerpt":{"rendered":"<p><a href=\"https:\/\/www.firstfloorstudios.de\/firstfloorstudiosWP\/verwaltungWP\/impressum-datenschutz\/\" class=\"more-link style2-button\">Weiterlesen<\/a><\/p>","protected":false},"author":1,"featured_media":0,"parent":0,"menu_order":0,"comment_status":"closed","ping_status":"closed","template":"","meta":{"footnotes":""},"class_list":["post-8420","page","type-page","status-publish","hentry"],"_links":{"self":[{"href":"https:\/\/www.firstfloorstudios.de\/firstfloorstudiosWP\/verwaltungWP\/wp-json\/wp\/v2\/pages\/8420","targetHints":{"allow":["GET"]}}],"collection":[{"href":"https:\/\/www.firstfloorstudios.de\/firstfloorstudiosWP\/verwaltungWP\/wp-json\/wp\/v2\/pages"}],"about":[{"href":"https:\/\/www.firstfloorstudios.de\/firstfloorstudiosWP\/verwaltungWP\/wp-json\/wp\/v2\/types\/page"}],"author":[{"embeddable":true,"href":"https:\/\/www.firstfloorstudios.de\/firstfloorstudiosWP\/verwaltungWP\/wp-json\/wp\/v2\/users\/1"}],"replies":[{"embeddable":true,"href":"https:\/\/www.firstfloorstudios.de\/firstfloorstudiosWP\/verwaltungWP\/wp-json\/wp\/v2\/comments?post=8420"}],"version-history":[{"count":50,"href":"https:\/\/www.firstfloorstudios.de\/firstfloorstudiosWP\/verwaltungWP\/wp-json\/wp\/v2\/pages\/8420\/revisions"}],"predecessor-version":[{"id":20400,"href":"https:\/\/www.firstfloorstudios.de\/firstfloorstudiosWP\/verwaltungWP\/wp-json\/wp\/v2\/pages\/8420\/revisions\/20400"}],"wp:attachment":[{"href":"https:\/\/www.firstfloorstudios.de\/firstfloorstudiosWP\/verwaltungWP\/wp-json\/wp\/v2\/media?parent=8420"}],"curies":[{"name":"wp","href":"https:\/\/api.w.org\/{rel}","templated":true}]}}